{"id":967,"date":"2026-01-26T16:04:43","date_gmt":"2026-01-26T15:04:43","guid":{"rendered":"https:\/\/www.camping-embrun-clapiere.com\/le-attivita\/"},"modified":"2026-02-23T11:51:17","modified_gmt":"2026-02-23T10:51:17","slug":"le-attivita","status":"publish","type":"page","link":"https:\/\/www.camping-embrun-clapiere.com\/it\/le-attivita\/","title":{"rendered":"Le attivit\u00e0"},"content":{"rendered":"<div class=\"diaporama-header\"><div class=\"gallery\"><figure class=\"gallery__item\"><picture><source srcset=\"https:\/\/www.camping-embrun-clapiere.com\/wp-content\/uploads\/2026\/02\/activites-header-420x308.webp\" media=\"(max-width: 210px)\"><source srcset=\"https:\/\/www.camping-embrun-clapiere.com\/wp-content\/uploads\/2026\/02\/activites-header-850x624.webp\" media=\"(max-width: 420px)\"><source srcset=\"https:\/\/www.camping-embrun-clapiere.com\/wp-content\/uploads\/2026\/02\/activites-header-768x564.webp\" media=\"(max-width: 850px)\"><source srcset=\"https:\/\/www.camping-embrun-clapiere.com\/wp-content\/uploads\/2026\/02\/activites-header-1024x751.webp\" media=\"(max-width: 1024px)\"><source srcset=\"https:\/\/www.camping-embrun-clapiere.com\/wp-content\/uploads\/2026\/02\/activites-header.webp\" media=\"(min-width: 1025px)\"><img loading=\"lazy\" decoding=\"async\" src=\"https:\/\/www.camping-embrun-clapiere.com\/wp-content\/uploads\/2026\/02\/activites-header-420x308.webp\" width=\"420\" height=\"210\" alt=\"\" title=\"\"><\/picture><\/figure><\/div><div class=\"diaporama-header__inner\"><p class=\"wording\"   >Una vacanza vivace nel cuore delle Hautes-Alpes<\/p><div class=\"buttons hide-mob \"><span class=\"buttons__btn btn-resa\">Prenota ora<\/span><\/div><\/div><\/div><div class=\"columns sec-05\" style=\"align-items:center;\"><div class=\"columns__item fade-right\" style=\"align-self:center;\"><h1 class=\"h2\" style=\"color: var(--jaune);\">In campeggio, divertiti con le <span class=\"fc-span\">attivit\u00e0 e l&#8217;intrattenimento<\/span><\/h1><p    ><strong>Il 2026 segna l&#8217;arrivo di una grande novit\u00e0<\/strong>: un parco giochi per bambini completamente rinnovato che offre un&#8217;area di gioco moderna e sicura. C&#8217;\u00e8 anche un campo da bocce per aiutare i vacanzieri a rilassarsi e a godersi la compagnia degli altri. Quest&#8217;estate, grazie ai nostri partner, potrai vincere pass per le attivit\u00e0 e buoni sconto per i nostri tornei sportivi in campeggio!  <\/p><p    >Il campeggio organizza<strong> un grande barbecue<\/strong> ogni settimana. Ognuno porta le proprie grigliate e specialit\u00e0, mentre il team si occupa dell&#8217;intrattenimento e della calda atmosfera che rende queste serate estive cos\u00ec affascinanti.   <\/p><div class=\"lireplus fc-desk\"><p    >Leggi tutto<\/p><div class=\"group\"><p    ><strong>I bambini di et\u00e0 compresa tra i 6 e i 12 anni<\/strong> si incontrano con il loro animatore dedicato per partecipare ad attivit\u00e0 divertenti, creative e sportive. <strong>Giochi di gruppo<\/strong>, laboratori e sfide divertenti scandiscono le loro giornate e permettono loro di fare tante nuove amicizie mentre i genitori si godono un momento di pace e tranquillit\u00e0.<\/p><p    >C&#8217;\u00e8 anche un <strong>concerto<\/strong> settimanale, perfetto per stare insieme, condividere un drink e godersi un momento di festa sotto le stelle.<\/p><\/div><\/div><\/div><div class=\"columns__item fade-up\" style=\"align-self:center;\"><div class=\"gallery\"><figure class=\"gallery__item\"><picture><source srcset=\"https:\/\/www.camping-embrun-clapiere.com\/wp-content\/uploads\/2026\/02\/pingpong-420x315.webp\" media=\"(max-width: 210px)\"><source srcset=\"https:\/\/www.camping-embrun-clapiere.com\/wp-content\/uploads\/2026\/02\/pingpong-850x638.webp\" media=\"(max-width: 420px)\"><source srcset=\"https:\/\/www.camping-embrun-clapiere.com\/wp-content\/uploads\/2026\/02\/pingpong-768x576.webp\" media=\"(max-width: 850px)\"><source srcset=\"https:\/\/www.camping-embrun-clapiere.com\/wp-content\/uploads\/2026\/02\/pingpong-1024x768.webp\" media=\"(max-width: 1024px)\"><source srcset=\"https:\/\/www.camping-embrun-clapiere.com\/wp-content\/uploads\/2026\/02\/pingpong.webp\" media=\"(min-width: 1025px)\"><img decoding=\"async\" src=\"https:\/\/www.camping-embrun-clapiere.com\/wp-content\/uploads\/2026\/02\/pingpong-420x315.webp\" width=\"420\" height=\"210\" loading=\"lazy\" alt=\"\" title=\"\"><\/picture><\/figure><\/div><\/div><\/div><div class=\"columns sec-05 reverse-mob\" style=\"align-items:center;\"><div class=\"columns__item fade-up\" style=\"align-self:center;\"><div class=\"gallery\"><figure class=\"gallery__item\"><picture><source srcset=\"https:\/\/www.camping-embrun-clapiere.com\/wp-content\/uploads\/2026\/02\/lac-embruns-420x280.webp\" media=\"(max-width: 210px)\"><source srcset=\"https:\/\/www.camping-embrun-clapiere.com\/wp-content\/uploads\/2026\/02\/lac-embruns-850x567.webp\" media=\"(max-width: 420px)\"><source srcset=\"https:\/\/www.camping-embrun-clapiere.com\/wp-content\/uploads\/2026\/02\/lac-embruns-768x512.webp\" media=\"(max-width: 850px)\"><source srcset=\"https:\/\/www.camping-embrun-clapiere.com\/wp-content\/uploads\/2026\/02\/lac-embruns-1024x683.webp\" media=\"(max-width: 1024px)\"><source srcset=\"https:\/\/www.camping-embrun-clapiere.com\/wp-content\/uploads\/2026\/02\/lac-embruns.webp\" media=\"(min-width: 1025px)\"><img decoding=\"async\" src=\"https:\/\/www.camping-embrun-clapiere.com\/wp-content\/uploads\/2026\/02\/lac-embruns-420x280.webp\" width=\"420\" height=\"210\" loading=\"lazy\" alt=\"\" title=\"\"><\/picture><\/figure><\/div><\/div><div class=\"columns__item fade-right\" style=\"align-self:center;\"><h2 class=\"h2\" style=\"color: var(--vert);\">Sport acquatici <span class=\"fc-span\">e attivit\u00e0 sul lago<\/span><\/h2><p    >A pochi passi dal campeggio, il lago Embrun e il maestoso Lac de Serre-Pon\u00e7on ti invitano a godere dei piaceri dell&#8217;acqua e dei grandi spazi aperti. Nuotare sulle spiagge, <strong>fare paddle-boarding<\/strong>, <strong>kayak<\/strong>, <strong>vela <\/strong>o windsurf&#8230; ognuno pu\u00f2 scegliere il proprio ritmo tra relax e divertimento. <\/p><p    >Le rive del lago sono ideali anche per passeggiate a piedi o in bicicletta, con paesaggi aperti tra acque turchesi e montagne alpine. \u00c8 il parco giochi naturale perfetto per alternare ozio e attivit\u00e0 sportive con la famiglia e gli amici. <\/p><div class=\"lireplus fc-mob\"><p    >Leggi tutto<\/p><div class=\"group\"><p    >Per lo sport e il divertimento, vicino al campeggio c&#8217;\u00e8 un campo da minigolf, oltre a pump track, tennis, padel e crossfit, per un&#8217;emozionante esperienza all&#8217;aria aperta.<\/p><\/div><\/div><\/div><\/div><div class=\"columns sec-05\" style=\"align-items:center;\"><div class=\"columns__item fade-right\" style=\"align-self:center;\"><h2 class=\"h2\" style=\"color: var(--jaune);\">Natura, escursioni <span class=\"fc-span\">e scoperta delle Alpi<\/span><\/h2><p    >Gli amanti della natura e dei grandi spazi aperti saranno deliziati dalla ricchezza dei paesaggi circostanti. Il Parco Nazionale degli \u00c9crins offre un&#8217;ampia gamma di percorsi escursionistici adatti a tutte le capacit\u00e0, con viste panoramiche eccezionali sulle cime e sulle valli delle Alpi. <\/p><p    >La vicina citt\u00e0 di Embrun vanta un affascinante centro storico, vivaci vicoli, un mercato e un patrimonio notevole. Per i pi\u00f9 sportivi, l&#8217;area circostante offre anche circuiti di arrampicata, vie ferrate e mountain bike, perfetti per scoprire le montagne in modo diverso. <\/p><\/div><div class=\"columns__item fade-up\" style=\"align-self:center;\"><div class=\"gallery\"><figure class=\"gallery__item\"><picture><source srcset=\"https:\/\/www.camping-embrun-clapiere.com\/wp-content\/uploads\/2026\/02\/ecrin-parc-420x315.webp\" media=\"(max-width: 210px)\"><source srcset=\"https:\/\/www.camping-embrun-clapiere.com\/wp-content\/uploads\/2026\/02\/ecrin-parc-850x638.webp\" media=\"(max-width: 420px)\"><source srcset=\"https:\/\/www.camping-embrun-clapiere.com\/wp-content\/uploads\/2026\/02\/ecrin-parc-768x576.webp\" media=\"(max-width: 850px)\"><source srcset=\"https:\/\/www.camping-embrun-clapiere.com\/wp-content\/uploads\/2026\/02\/ecrin-parc-1024x768.webp\" media=\"(max-width: 1024px)\"><source srcset=\"https:\/\/www.camping-embrun-clapiere.com\/wp-content\/uploads\/2026\/02\/ecrin-parc.webp\" media=\"(min-width: 1025px)\"><img decoding=\"async\" src=\"https:\/\/www.camping-embrun-clapiere.com\/wp-content\/uploads\/2026\/02\/ecrin-parc-420x315.webp\" width=\"420\" height=\"210\" loading=\"lazy\" alt=\"\" title=\"\"><\/picture><\/figure><\/div><\/div><\/div>","protected":false},"excerpt":{"rendered":"<p>Una vacanza vivace nel cuore delle Hautes-Alpes In campeggio, divertiti con le attivit\u00e0 e l&#8217;intrattenimento Il 2026 segna l&#8217;arrivo di una grande novit\u00e0: un parco giochi per bambini completamente rinnovato che offre un&#8217;area di gioco moderna e sicura. C&#8217;\u00e8 anche un campo da bocce per aiutare i vacanzieri a rilassarsi e a godersi la compagnia [&hellip;]<\/p>\n","protected":false},"author":1,"featured_media":0,"parent":0,"menu_order":0,"comment_status":"open","ping_status":"open","template":"","meta":{"_acf_changed":false,"footnotes":""},"acf":[],"_links":{"self":[{"href":"https:\/\/www.camping-embrun-clapiere.com\/it\/wp-json\/wp\/v2\/pages\/967"}],"collection":[{"href":"https:\/\/www.camping-embrun-clapiere.com\/it\/wp-json\/wp\/v2\/pages"}],"about":[{"href":"https:\/\/www.camping-embrun-clapiere.com\/it\/wp-json\/wp\/v2\/types\/page"}],"author":[{"embeddable":true,"href":"https:\/\/www.camping-embrun-clapiere.com\/it\/wp-json\/wp\/v2\/users\/1"}],"replies":[{"embeddable":true,"href":"https:\/\/www.camping-embrun-clapiere.com\/it\/wp-json\/wp\/v2\/comments?post=967"}],"version-history":[{"count":2,"href":"https:\/\/www.camping-embrun-clapiere.com\/it\/wp-json\/wp\/v2\/pages\/967\/revisions"}],"predecessor-version":[{"id":1067,"href":"https:\/\/www.camping-embrun-clapiere.com\/it\/wp-json\/wp\/v2\/pages\/967\/revisions\/1067"}],"wp:attachment":[{"href":"https:\/\/www.camping-embrun-clapiere.com\/it\/wp-json\/wp\/v2\/media?parent=967"}],"curies":[{"name":"wp","href":"https:\/\/api.w.org\/{rel}","templated":true}]}}